{"id":223,"date":"2022-03-21T05:18:38","date_gmt":"2022-03-21T05:18:38","guid":{"rendered":"https:\/\/www.sktperfectdemo.com\/themepack\/taxi\/?page_id=223"},"modified":"2024-06-11T19:48:59","modified_gmt":"2024-06-11T19:48:59","slug":"contacts","status":"publish","type":"page","link":"https:\/\/dev.melniccars.com\/index.php\/contacts\/","title":{"rendered":"Contacts"},"content":{"rendered":"\t\t<div data-elementor-type=\"wp-page\" data-elementor-id=\"223\" class=\"elementor elementor-223\" data-elementor-post-type=\"page\">\n\t\t\t\t\t\t<section class=\"elementor-section elementor-top-section elementor-element elementor-element-1740372 elementor-section-boxed elementor-section-height-default elementor-section-height-default\" data-id=\"1740372\" data-element_type=\"section\">\n\t\t\t\t\t\t<div class=\"elementor-container elementor-column-gap-default\">\n\t\t\t\t\t<div class=\"elementor-column elementor-col-100 elementor-top-column elementor-element elementor-element-aadaa02\" data-id=\"aadaa02\" data-element_type=\"column\">\n\t\t\t<div class=\"elementor-widget-wrap elementor-element-populated\">\n\t\t\t\t\t\t<div class=\"elementor-element elementor-element-87b11d1 elementor-widget elementor-widget-spacer\" data-id=\"87b11d1\" data-element_type=\"widget\" data-widget_type=\"spacer.default\">\n\t\t\t\t<div class=\"elementor-widget-container\">\n\t\t\t<style>\/*! elementor - v3.21.0 - 18-04-2024 *\/\n.elementor-column .elementor-spacer-inner{height:var(--spacer-size)}.e-con{--container-widget-width:100%}.e-con-inner>.elementor-widget-spacer,.e-con>.elementor-widget-spacer{width:var(--container-widget-width,var(--spacer-size));--align-self:var(--container-widget-align-self,initial);--flex-shrink:0}.e-con-inner>.elementor-widget-spacer>.elementor-widget-container,.e-con>.elementor-widget-spacer>.elementor-widget-container{height:100%;width:100%}.e-con-inner>.elementor-widget-spacer>.elementor-widget-container>.elementor-spacer,.e-con>.elementor-widget-spacer>.elementor-widget-container>.elementor-spacer{height:100%}.e-con-inner>.elementor-widget-spacer>.elementor-widget-container>.elementor-spacer>.elementor-spacer-inner,.e-con>.elementor-widget-spacer>.elementor-widget-container>.elementor-spacer>.elementor-spacer-inner{height:var(--container-widget-height,var(--spacer-size))}.e-con-inner>.elementor-widget-spacer.elementor-widget-empty,.e-con>.elementor-widget-spacer.elementor-widget-empty{position:relative;min-height:22px;min-width:22px}.e-con-inner>.elementor-widget-spacer.elementor-widget-empty .elementor-widget-empty-icon,.e-con>.elementor-widget-spacer.elementor-widget-empty .elementor-widget-empty-icon{position:absolute;top:0;bottom:0;left:0;right:0;margin:auto;padding:0;width:22px;height:22px}<\/style>\t\t<div class=\"elementor-spacer\">\n\t\t\t<div class=\"elementor-spacer-inner\"><\/div>\n\t\t<\/div>\n\t\t\t\t<\/div>\n\t\t\t\t<\/div>\n\t\t\t\t\t<\/div>\n\t\t<\/div>\n\t\t\t\t\t<\/div>\n\t\t<\/section>\n\t\t\t\t<section class=\"elementor-section elementor-top-section elementor-element elementor-element-dbb827c elementor-section-full_width elementor-section-height-default elementor-section-height-default\" data-id=\"dbb827c\" data-element_type=\"section\">\n\t\t\t\t\t\t<div class=\"elementor-container elementor-column-gap-default\">\n\t\t\t\t\t<div class=\"elementor-column elementor-col-100 elementor-top-column elementor-element elementor-element-35a3c5b\" data-id=\"35a3c5b\" data-element_type=\"column\">\n\t\t\t<div class=\"elementor-widget-wrap elementor-element-populated\">\n\t\t\t\t\t\t<div class=\"elementor-element elementor-element-85efd2d elementor-widget elementor-widget-google_maps\" data-id=\"85efd2d\" data-element_type=\"widget\" data-widget_type=\"google_maps.default\">\n\t\t\t\t<div class=\"elementor-widget-container\">\n\t\t\t<style>\/*! elementor - v3.21.0 - 18-04-2024 *\/\n.elementor-widget-google_maps .elementor-widget-container{overflow:hidden}.elementor-widget-google_maps .elementor-custom-embed{line-height:0}.elementor-widget-google_maps iframe{height:300px}<\/style>\t\t<div class=\"elementor-custom-embed\">\n\t\t\t<iframe loading=\"lazy\"\n\t\t\t\t\tsrc=\"https:\/\/maps.google.com\/maps?q=76%20rue%20de%20la%20Pompe%2C%20PARIS%2075116&#038;t=m&#038;z=11&#038;output=embed&#038;iwloc=near\"\n\t\t\t\t\ttitle=\"76 rue de la Pompe, PARIS 75116\"\n\t\t\t\t\taria-label=\"76 rue de la Pompe, PARIS 75116\"\n\t\t\t><\/iframe>\n\t\t<\/div>\n\t\t\t\t<\/div>\n\t\t\t\t<\/div>\n\t\t\t\t\t<\/div>\n\t\t<\/div>\n\t\t\t\t\t<\/div>\n\t\t<\/section>\n\t\t\t\t<section class=\"elementor-section elementor-top-section elementor-element elementor-element-e4dfd69 elementor-section-boxed elementor-section-height-default elementor-section-height-default\" data-id=\"e4dfd69\" data-element_type=\"section\" data-settings=\"{&quot;background_background&quot;:&quot;classic&quot;}\">\n\t\t\t\t\t\t<div class=\"elementor-container elementor-column-gap-default\">\n\t\t\t\t\t<div class=\"elementor-column elementor-col-100 elementor-top-column elementor-element elementor-element-6d415f4\" data-id=\"6d415f4\" data-element_type=\"column\">\n\t\t\t<div class=\"elementor-widget-wrap elementor-element-populated\">\n\t\t\t\t\t\t<section class=\"elementor-section elementor-inner-section elementor-element elementor-element-3a06724 elementor-section-boxed elementor-section-height-default elementor-section-height-default\" data-id=\"3a06724\" data-element_type=\"section\">\n\t\t\t\t\t\t<div class=\"elementor-container elementor-column-gap-default\">\n\t\t\t\t\t<div class=\"elementor-column elementor-col-100 elementor-inner-column elementor-element elementor-element-0b22705\" data-id=\"0b22705\" data-element_type=\"column\">\n\t\t\t<div class=\"elementor-widget-wrap elementor-element-populated\">\n\t\t\t\t\t\t<div class=\"elementor-element elementor-element-a86afb3 elementor-widget elementor-widget-heading\" data-id=\"a86afb3\" data-element_type=\"widget\" data-widget_type=\"heading.default\">\n\t\t\t\t<div class=\"elementor-widget-container\">\n\t\t\t<style>\/*! elementor - v3.21.0 - 18-04-2024 *\/\n.elementor-heading-title{padding:0;margin:0;line-height:1}.elementor-widget-heading .elementor-heading-title[class*=elementor-size-]>a{color:inherit;font-size:inherit;line-height:inherit}.elementor-widget-heading .elementor-heading-title.elementor-size-small{font-size:15px}.elementor-widget-heading .elementor-heading-title.elementor-size-medium{font-size:19px}.elementor-widget-heading .elementor-heading-title.elementor-size-large{font-size:29px}.elementor-widget-heading .elementor-heading-title.elementor-size-xl{font-size:39px}.elementor-widget-heading .elementor-heading-title.elementor-size-xxl{font-size:59px}<\/style><h2 class=\"elementor-heading-title elementor-size-default\"><span style=\"white-space-collapse: collapse;\">Pour plus de d\u00e9tails<\/span><\/h2>\t\t<\/div>\n\t\t\t\t<\/div>\n\t\t\t\t\t<\/div>\n\t\t<\/div>\n\t\t\t\t\t<\/div>\n\t\t<\/section>\n\t\t\t\t<section class=\"elementor-section elementor-inner-section elementor-element elementor-element-aa2e573 elementor-section-boxed elementor-section-height-default elementor-section-height-default\" data-id=\"aa2e573\" data-element_type=\"section\">\n\t\t\t\t\t\t<div class=\"elementor-container elementor-column-gap-default\">\n\t\t\t\t\t<div class=\"elementor-column elementor-col-50 elementor-inner-column elementor-element elementor-element-efe0b45\" data-id=\"efe0b45\" data-element_type=\"column\">\n\t\t\t<div class=\"elementor-widget-wrap elementor-element-populated\">\n\t\t\t\t\t\t<div class=\"elementor-element elementor-element-e8f3415 elementor-position-top elementor-widget elementor-widget-image-box\" data-id=\"e8f3415\" data-element_type=\"widget\" data-widget_type=\"image-box.default\">\n\t\t\t\t<div class=\"elementor-widget-container\">\n\t\t\t<style>\/*! elementor - v3.21.0 - 18-04-2024 *\/\n.elementor-widget-image-box .elementor-image-box-content{width:100%}@media (min-width:768px){.elementor-widget-image-box.elementor-position-left .elementor-image-box-wrapper,.elementor-widget-image-box.elementor-position-right .elementor-image-box-wrapper{display:flex}.elementor-widget-image-box.elementor-position-right .elementor-image-box-wrapper{text-align:end;flex-direction:row-reverse}.elementor-widget-image-box.elementor-position-left .elementor-image-box-wrapper{text-align:start;flex-direction:row}.elementor-widget-image-box.elementor-position-top .elementor-image-box-img{margin:auto}.elementor-widget-image-box.elementor-vertical-align-top .elementor-image-box-wrapper{align-items:flex-start}.elementor-widget-image-box.elementor-vertical-align-middle .elementor-image-box-wrapper{align-items:center}.elementor-widget-image-box.elementor-vertical-align-bottom .elementor-image-box-wrapper{align-items:flex-end}}@media (max-width:767px){.elementor-widget-image-box .elementor-image-box-img{margin-left:auto!important;margin-right:auto!important;margin-bottom:15px}}.elementor-widget-image-box .elementor-image-box-img{display:inline-block}.elementor-widget-image-box .elementor-image-box-title a{color:inherit}.elementor-widget-image-box .elementor-image-box-wrapper{text-align:center}.elementor-widget-image-box .elementor-image-box-description{margin:0}<\/style><div class=\"elementor-image-box-wrapper\"><figure class=\"elementor-image-box-img\"><img decoding=\"async\" width=\"94\" height=\"80\" src=\"https:\/\/dev.melniccars.com\/wp-content\/uploads\/2022\/03\/call-us-icon.png\" class=\"attachment-full size-full wp-image-103\" alt=\"\" \/><\/figure><div class=\"elementor-image-box-content\"><h3 class=\"elementor-image-box-title\">T\u00e9l\u00e9phones de Contact<\/h3><p class=\"elementor-image-box-description\">+33 6 38 22 00 73<br>+33 7 86 04 14 65<\/p><\/div><\/div>\t\t<\/div>\n\t\t\t\t<\/div>\n\t\t\t\t\t<\/div>\n\t\t<\/div>\n\t\t\t\t<div class=\"elementor-column elementor-col-50 elementor-inner-column elementor-element elementor-element-4b3b96b\" data-id=\"4b3b96b\" data-element_type=\"column\">\n\t\t\t<div class=\"elementor-widget-wrap elementor-element-populated\">\n\t\t\t\t\t\t<div class=\"elementor-element elementor-element-9461953 elementor-position-top elementor-widget elementor-widget-image-box\" data-id=\"9461953\" data-element_type=\"widget\" data-widget_type=\"image-box.default\">\n\t\t\t\t<div class=\"elementor-widget-container\">\n\t\t\t<div class=\"elementor-image-box-wrapper\"><figure class=\"elementor-image-box-img\"><img decoding=\"async\" width=\"94\" height=\"80\" src=\"https:\/\/dev.melniccars.com\/wp-content\/uploads\/2022\/03\/email-icon-bottom-1.png\" class=\"attachment-full size-full wp-image-123\" alt=\"\" \/><\/figure><div class=\"elementor-image-box-content\"><h3 class=\"elementor-image-box-title\">Notre adresse e-mail<\/h3><p class=\"elementor-image-box-description\">melniccars@gmail.com<\/p><\/div><\/div>\t\t<\/div>\n\t\t\t\t<\/div>\n\t\t\t\t\t<\/div>\n\t\t<\/div>\n\t\t\t\t\t<\/div>\n\t\t<\/section>\n\t\t\t\t<div class=\"elementor-element elementor-element-dfa7792 elementor-widget elementor-widget-html\" data-id=\"dfa7792\" data-element_type=\"widget\" data-widget_type=\"html.default\">\n\t\t\t\t<div class=\"elementor-widget-container\">\n\t\t\t<div class=\"wpcf7 js\" id=\"reserver-car\" lang=\"en-US\" dir=\"ltr\">\r\n<\/div>\t\t<\/div>\n\t\t\t\t<\/div>\n\t\t\t\t\t<\/div>\n\t\t<\/div>\n\t\t\t\t\t<\/div>\n\t\t<\/section>\n\t\t\t\t<section class=\"elementor-section elementor-top-section elementor-element elementor-element-0d89bfb elementor-section-boxed elementor-section-height-default elementor-section-height-default\" data-id=\"0d89bfb\" data-element_type=\"section\">\n\t\t\t\t\t\t<div class=\"elementor-container elementor-column-gap-default\">\n\t\t\t\t\t<div class=\"elementor-column elementor-col-100 elementor-top-column elementor-element elementor-element-8bcc8cd\" data-id=\"8bcc8cd\" data-element_type=\"column\">\n\t\t\t<div class=\"elementor-widget-wrap\">\n\t\t\t\t\t\t\t<\/div>\n\t\t<\/div>\n\t\t\t\t\t<\/div>\n\t\t<\/section>\n\t\t\t\t<\/div>\n\t\t","protected":false},"excerpt":{"rendered":"<p>Pour plus de d\u00e9tails T\u00e9l\u00e9phones de Contact +33 6 38 22 00 73+33 7 86 04 14 65 Notre adresse e-mail melniccars@gmail.com<\/p>\n","protected":false},"author":1,"featured_media":0,"parent":0,"menu_order":0,"comment_status":"closed","ping_status":"closed","template":"templates\/page-builder.php","meta":{"footnotes":""},"class_list":["post-223","page","type-page","status-publish","hentry"],"yoast_head":"<!-- This site is optimized with the Yoast SEO plugin v22.5 - https:\/\/yoast.com\/wordpress\/plugins\/seo\/ -->\n<title>Contacts - Melnic Cars<\/title>\n<meta name=\"robots\" content=\"index, follow, max-snippet:-1, max-image-preview:large, max-video-preview:-1\" \/>\n<link rel=\"canonical\" href=\"https:\/\/dev.melniccars.com\/index.php\/contacts\/\" \/>\n<meta property=\"og:locale\" content=\"ru_RU\" \/>\n<meta property=\"og:type\" content=\"article\" \/>\n<meta property=\"og:title\" content=\"Contacts - Melnic Cars\" \/>\n<meta property=\"og:description\" content=\"Pour plus de d\u00e9tails T\u00e9l\u00e9phones de Contact +33 6 38 22 00 73+33 7 86 04 14 65 Notre adresse e-mail melniccars@gmail.com\" \/>\n<meta property=\"og:url\" content=\"https:\/\/dev.melniccars.com\/index.php\/contacts\/\" \/>\n<meta property=\"og:site_name\" content=\"Melnic Cars\" \/>\n<meta property=\"article:modified_time\" content=\"2024-06-11T19:48:59+00:00\" \/>\n<meta property=\"og:image\" content=\"http:\/\/dev.melniccars.com\/wp-content\/uploads\/2022\/03\/call-us-icon.png\" \/>\n<meta name=\"twitter:card\" content=\"summary_large_image\" \/>\n<meta name=\"twitter:label1\" content=\"\u041f\u0440\u0438\u043c\u0435\u0440\u043d\u043e\u0435 \u0432\u0440\u0435\u043c\u044f \u0434\u043b\u044f \u0447\u0442\u0435\u043d\u0438\u044f\" \/>\n\t<meta name=\"twitter:data1\" content=\"1 \u043c\u0438\u043d\u0443\u0442\u0430\" \/>\n<script type=\"application\/ld+json\" class=\"yoast-schema-graph\">{\"@context\":\"https:\/\/schema.org\",\"@graph\":[{\"@type\":\"WebPage\",\"@id\":\"https:\/\/dev.melniccars.com\/index.php\/contacts\/\",\"url\":\"https:\/\/dev.melniccars.com\/index.php\/contacts\/\",\"name\":\"Contacts - Melnic Cars\",\"isPartOf\":{\"@id\":\"https:\/\/dev.melniccars.com\/#website\"},\"primaryImageOfPage\":{\"@id\":\"https:\/\/dev.melniccars.com\/index.php\/contacts\/#primaryimage\"},\"image\":{\"@id\":\"https:\/\/dev.melniccars.com\/index.php\/contacts\/#primaryimage\"},\"thumbnailUrl\":\"http:\/\/dev.melniccars.com\/wp-content\/uploads\/2022\/03\/call-us-icon.png\",\"datePublished\":\"2022-03-21T05:18:38+00:00\",\"dateModified\":\"2024-06-11T19:48:59+00:00\",\"breadcrumb\":{\"@id\":\"https:\/\/dev.melniccars.com\/index.php\/contacts\/#breadcrumb\"},\"inLanguage\":\"ru-RU\",\"potentialAction\":[{\"@type\":\"ReadAction\",\"target\":[\"https:\/\/dev.melniccars.com\/index.php\/contacts\/\"]}]},{\"@type\":\"ImageObject\",\"inLanguage\":\"ru-RU\",\"@id\":\"https:\/\/dev.melniccars.com\/index.php\/contacts\/#primaryimage\",\"url\":\"https:\/\/dev.melniccars.com\/wp-content\/uploads\/2022\/03\/call-us-icon.png\",\"contentUrl\":\"https:\/\/dev.melniccars.com\/wp-content\/uploads\/2022\/03\/call-us-icon.png\",\"width\":94,\"height\":80},{\"@type\":\"BreadcrumbList\",\"@id\":\"https:\/\/dev.melniccars.com\/index.php\/contacts\/#breadcrumb\",\"itemListElement\":[{\"@type\":\"ListItem\",\"position\":1,\"name\":\"\u0413\u043b\u0430\u0432\u043d\u0430\u044f \u0441\u0442\u0440\u0430\u043d\u0438\u0446\u0430\",\"item\":\"https:\/\/dev.melniccars.com\/\"},{\"@type\":\"ListItem\",\"position\":2,\"name\":\"Contacts\"}]},{\"@type\":\"WebSite\",\"@id\":\"https:\/\/dev.melniccars.com\/#website\",\"url\":\"https:\/\/dev.melniccars.com\/\",\"name\":\"Melnic Cars\",\"description\":\"\",\"potentialAction\":[{\"@type\":\"SearchAction\",\"target\":{\"@type\":\"EntryPoint\",\"urlTemplate\":\"https:\/\/dev.melniccars.com\/?s={search_term_string}\"},\"query-input\":\"required name=search_term_string\"}],\"inLanguage\":\"ru-RU\"}]}<\/script>\n<!-- \/ Yoast SEO plugin. -->","yoast_head_json":{"title":"Contacts - Melnic Cars","robots":{"index":"index","follow":"follow","max-snippet":"max-snippet:-1","max-image-preview":"max-image-preview:large","max-video-preview":"max-video-preview:-1"},"canonical":"https:\/\/dev.melniccars.com\/index.php\/contacts\/","og_locale":"ru_RU","og_type":"article","og_title":"Contacts - Melnic Cars","og_description":"Pour plus de d\u00e9tails T\u00e9l\u00e9phones de Contact +33 6 38 22 00 73+33 7 86 04 14 65 Notre adresse e-mail melniccars@gmail.com","og_url":"https:\/\/dev.melniccars.com\/index.php\/contacts\/","og_site_name":"Melnic Cars","article_modified_time":"2024-06-11T19:48:59+00:00","og_image":[{"url":"http:\/\/dev.melniccars.com\/wp-content\/uploads\/2022\/03\/call-us-icon.png"}],"twitter_card":"summary_large_image","twitter_misc":{"\u041f\u0440\u0438\u043c\u0435\u0440\u043d\u043e\u0435 \u0432\u0440\u0435\u043c\u044f \u0434\u043b\u044f \u0447\u0442\u0435\u043d\u0438\u044f":"1 \u043c\u0438\u043d\u0443\u0442\u0430"},"schema":{"@context":"https:\/\/schema.org","@graph":[{"@type":"WebPage","@id":"https:\/\/dev.melniccars.com\/index.php\/contacts\/","url":"https:\/\/dev.melniccars.com\/index.php\/contacts\/","name":"Contacts - Melnic Cars","isPartOf":{"@id":"https:\/\/dev.melniccars.com\/#website"},"primaryImageOfPage":{"@id":"https:\/\/dev.melniccars.com\/index.php\/contacts\/#primaryimage"},"image":{"@id":"https:\/\/dev.melniccars.com\/index.php\/contacts\/#primaryimage"},"thumbnailUrl":"http:\/\/dev.melniccars.com\/wp-content\/uploads\/2022\/03\/call-us-icon.png","datePublished":"2022-03-21T05:18:38+00:00","dateModified":"2024-06-11T19:48:59+00:00","breadcrumb":{"@id":"https:\/\/dev.melniccars.com\/index.php\/contacts\/#breadcrumb"},"inLanguage":"ru-RU","potentialAction":[{"@type":"ReadAction","target":["https:\/\/dev.melniccars.com\/index.php\/contacts\/"]}]},{"@type":"ImageObject","inLanguage":"ru-RU","@id":"https:\/\/dev.melniccars.com\/index.php\/contacts\/#primaryimage","url":"https:\/\/dev.melniccars.com\/wp-content\/uploads\/2022\/03\/call-us-icon.png","contentUrl":"https:\/\/dev.melniccars.com\/wp-content\/uploads\/2022\/03\/call-us-icon.png","width":94,"height":80},{"@type":"BreadcrumbList","@id":"https:\/\/dev.melniccars.com\/index.php\/contacts\/#breadcrumb","itemListElement":[{"@type":"ListItem","position":1,"name":"\u0413\u043b\u0430\u0432\u043d\u0430\u044f \u0441\u0442\u0440\u0430\u043d\u0438\u0446\u0430","item":"https:\/\/dev.melniccars.com\/"},{"@type":"ListItem","position":2,"name":"Contacts"}]},{"@type":"WebSite","@id":"https:\/\/dev.melniccars.com\/#website","url":"https:\/\/dev.melniccars.com\/","name":"Melnic Cars","description":"","potentialAction":[{"@type":"SearchAction","target":{"@type":"EntryPoint","urlTemplate":"https:\/\/dev.melniccars.com\/?s={search_term_string}"},"query-input":"required name=search_term_string"}],"inLanguage":"ru-RU"}]}},"_links":{"self":[{"href":"https:\/\/dev.melniccars.com\/index.php\/wp-json\/wp\/v2\/pages\/223","targetHints":{"allow":["GET"]}}],"collection":[{"href":"https:\/\/dev.melniccars.com\/index.php\/wp-json\/wp\/v2\/pages"}],"about":[{"href":"https:\/\/dev.melniccars.com\/index.php\/wp-json\/wp\/v2\/types\/page"}],"author":[{"embeddable":true,"href":"https:\/\/dev.melniccars.com\/index.php\/wp-json\/wp\/v2\/users\/1"}],"replies":[{"embeddable":true,"href":"https:\/\/dev.melniccars.com\/index.php\/wp-json\/wp\/v2\/comments?post=223"}],"version-history":[{"count":49,"href":"https:\/\/dev.melniccars.com\/index.php\/wp-json\/wp\/v2\/pages\/223\/revisions"}],"predecessor-version":[{"id":1414,"href":"https:\/\/dev.melniccars.com\/index.php\/wp-json\/wp\/v2\/pages\/223\/revisions\/1414"}],"wp:attachment":[{"href":"https:\/\/dev.melniccars.com\/index.php\/wp-json\/wp\/v2\/media?parent=223"}],"curies":[{"name":"wp","href":"https:\/\/api.w.org\/{rel}","templated":true}]}}